{"id":1144,"date":"2023-09-09T16:41:54","date_gmt":"2023-09-09T14:41:54","guid":{"rendered":"https:\/\/burundi.unfm.org\/site\/?page_id=1144"},"modified":"2024-02-23T10:38:30","modified_gmt":"2024-02-23T09:38:30","slug":"tele-expertise","status":"publish","type":"page","link":"https:\/\/burundi.unfm.org\/site\/tele-expertise\/","title":{"rendered":"T\u00e9l\u00e9-expertise"},"content":{"rendered":"<div id=\"pl-1144\"  class=\"panel-layout\" ><div id=\"pg-1144-0\"  class=\"panel-grid panel-no-style\" ><div id=\"pgc-1144-0-0\"  class=\"panel-grid-cell\" ><div id=\"panel-1144-0-0-0\" class=\"so-panel widget widget_black-studio-tinymce widget_black_studio_tinymce panel-first-child panel-last-child\" data-index=\"0\" ><div class=\"textwidget\"><p><span style=\"font-family: helvetica, arial, sans-serif; font-size: 14pt;\"><img loading=\"lazy\" decoding=\"async\" class=\" wp-image-712 alignleft\" src=\"https:\/\/burundi.unfm.org\/site\/wp-content\/uploads\/le-rendu-3d-d-un-anneau-de-moebius-2a1bme5-256x300.png\" alt=\"\" width=\"87\" height=\"102\" srcset=\"https:\/\/burundi.unfm.org\/site\/wp-content\/uploads\/le-rendu-3d-d-un-anneau-de-moebius-2a1bme5-256x300.png 256w, https:\/\/burundi.unfm.org\/site\/wp-content\/uploads\/le-rendu-3d-d-un-anneau-de-moebius-2a1bme5.png 640w\" sizes=\"auto, (max-width: 87px) 100vw, 87px\" \/><\/span><\/p>\n<p style=\"text-align: center;\"><span style=\"color: #54af3a;\"><strong><span style=\"font-family: helvetica, arial, sans-serif; font-size: 18pt;\">Restez accompagn\u00e9 apr\u00e8s la formation<\/span><\/strong><\/span><\/p>\n<p><span style=\"font-family: helvetica, arial, sans-serif; font-size: 14pt;\">Cet out<\/span><span style=\"font-family: helvetica, arial, sans-serif; font-size: 14pt;\">il est <\/span><span style=\"font-family: helvetica, arial, sans-serif; font-size: 14pt;\">un compl\u00e9ment de la formation qui facilite la prise en charge multidisciplinaire des cas complexes. Les professionnels habilit\u00e9s peuvent soumettre un cas clinique sur une plateforme s\u00e9curis\u00e9e pour une demande d\u2019avis \u00e0 un coll\u00e8gue expert. Ce programme sera prochainement disponible pour les cas complexes de MNT rencontr\u00e9s par les professionnels de Djibouti<\/span><\/p>\n<p>&nbsp;<\/p>\n<\/div><\/div><\/div><\/div><\/div><script type=\"text\/javascript\">tagSinglePost(1144);<\/script>","protected":false},"excerpt":{"rendered":"<p>Restez accompagn\u00e9 apr\u00e8s la formation Cet outil est un compl\u00e9ment de la formation qui facilite la prise en charge multidisciplinaire des cas complexes. Les professionnels habilit\u00e9s peuvent soumettre un cas clinique sur une plateforme s\u00e9curis\u00e9e pour une demande d\u2019avis \u00e0 un coll\u00e8gue expert. Ce programme sera prochainement disponible pour les cas complexes de MNT rencontr\u00e9s [&hellip;]<\/p>\n","protected":false},"author":39,"featured_media":0,"parent":0,"menu_order":0,"comment_status":"closed","ping_status":"closed","template":"","meta":{"footnotes":""},"class_list":["post-1144","page","type-page","status-publish","hentry","post"],"_links":{"self":[{"href":"https:\/\/burundi.unfm.org\/site\/wp-json\/wp\/v2\/pages\/1144","targetHints":{"allow":["GET"]}}],"collection":[{"href":"https:\/\/burundi.unfm.org\/site\/wp-json\/wp\/v2\/pages"}],"about":[{"href":"https:\/\/burundi.unfm.org\/site\/wp-json\/wp\/v2\/types\/page"}],"author":[{"embeddable":true,"href":"https:\/\/burundi.unfm.org\/site\/wp-json\/wp\/v2\/users\/39"}],"replies":[{"embeddable":true,"href":"https:\/\/burundi.unfm.org\/site\/wp-json\/wp\/v2\/comments?post=1144"}],"version-history":[{"count":0,"href":"https:\/\/burundi.unfm.org\/site\/wp-json\/wp\/v2\/pages\/1144\/revisions"}],"wp:attachment":[{"href":"https:\/\/burundi.unfm.org\/site\/wp-json\/wp\/v2\/media?parent=1144"}],"curies":[{"name":"wp","href":"https:\/\/api.w.org\/{rel}","templated":true}]}}